{"id":31,"date":"2020-07-13T22:54:46","date_gmt":"2020-07-13T22:54:46","guid":{"rendered":"http:\/\/institucioneducativalapazlosandes.hol.es\/?page_id=31"},"modified":"2025-03-26T02:42:16","modified_gmt":"2025-03-26T02:42:16","slug":"simbolos-institucionales","status":"publish","type":"page","link":"https:\/\/institucioneducativalapazlosandes.hol.es\/index.php\/simbolos-institucionales\/","title":{"rendered":"S\u00cdMBOLOS INSTITUCIONALES"},"content":{"rendered":"\n<p><strong>EMBLEMAS DE LA INSTITUCION EDUCATIVA&nbsp;&nbsp;&nbsp;LA PAZ<\/strong><\/p>\n\n\n\n<p>Descripci\u00f3n de los emblemas de la instituci\u00f3n&#8230;<\/p>\n\n\n\n<p><strong><em>Bandera Instituci\u00f3n Educativa La Paz.<\/em><\/strong><\/p>\n\n\n\n<p>La bandera de la Instituci\u00f3n tiene la siguiente interpretaci\u00f3n.<\/p>\n\n\n\n<p><strong><em>Color Blanco<\/em><\/strong>: Limpieza, honestidad, pulcritud, pureza en el pensar, sentir obrar; pero fundamentalmente significa la paz que debe reinar en cada ser humano que haga parte de la Instituci\u00f3n Educativa La Paz.<\/p>\n\n\n\n<p><strong><em>Color Verde<\/em><\/strong>: Representa nuestra vegetaci\u00f3n silvestre, a lo cual se debe el nombre de nuestro corregimiento, sus recursos naturales, fauna y flora.<\/p>\n\n\n\n<p><strong><em>Color Azul<\/em><\/strong>: La inmensidad del cielo di\u00e1fano y despejado, el agua pura, el amor compartido en el servicio a cada uno de los seres humanos.<\/p>\n\n\n\n<figure class=\"wp-block-gallery has-nested-images columns-default is-cropped wp-block-gallery-1 is-layout-flex wp-block-gallery-is-layout-flex\">\n<figure class=\"wp-block-image size-large\"><img loading=\"lazy\" decoding=\"async\" width=\"285\" height=\"278\" data-id=\"1018\" src=\"https:\/\/institucioneducativalapazlosandes.hol.es\/wp-content\/uploads\/2025\/03\/BANDERA-1.png\" alt=\"\" class=\"wp-image-1018\"\/><\/figure>\n<\/figure>\n\n\n\n<h4 class=\"wp-block-heading\">COLORES<\/h4>\n\n\n\n<p><\/p>\n\n\n\n<h4 class=\"wp-block-heading has-text-align-center\"><strong><strong>ESCUDO I. E. LA PAZ<\/strong><\/strong><\/h4>\n\n\n<div class=\"wp-block-image\">\n<figure class=\"aligncenter size-large\"><img loading=\"lazy\" decoding=\"async\" width=\"1024\" height=\"1005\" src=\"https:\/\/institucioneducativalapazlosandes.hol.es\/wp-content\/uploads\/2021\/07\/ESCUDO-DEL-COLEGIO-2-1024x1005.png\" alt=\"\" class=\"wp-image-897\" srcset=\"https:\/\/institucioneducativalapazlosandes.hol.es\/wp-content\/uploads\/2021\/07\/ESCUDO-DEL-COLEGIO-2-1024x1005.png 1024w, https:\/\/institucioneducativalapazlosandes.hol.es\/wp-content\/uploads\/2021\/07\/ESCUDO-DEL-COLEGIO-2-300x295.png 300w, https:\/\/institucioneducativalapazlosandes.hol.es\/wp-content\/uploads\/2021\/07\/ESCUDO-DEL-COLEGIO-2-768x754.png 768w, https:\/\/institucioneducativalapazlosandes.hol.es\/wp-content\/uploads\/2021\/07\/ESCUDO-DEL-COLEGIO-2.png 1264w\" sizes=\"(max-width: 1024px) 100vw, 1024px\" \/><figcaption class=\"wp-element-caption\"><br><br><br><strong>Escudo I.E La Paz &#8211; Convivencia &#8211; Naturaleza &#8211; Justicia<\/strong><\/figcaption><\/figure><\/div>\n\n\n<p>El escudo de nuestra Instituci\u00f3n, tiene la siguiente interpretaci\u00f3n.<\/p>\n\n\n\n<p><strong><em>Color amarillo<\/em><\/strong>: La riqueza institucional constituida por los valores de todos y cada uno de sus miembros. En ella se puede leer el nombre de nuestro Colegio \u201cInstituci\u00f3n Educativa La Paz\u201d.<\/p>\n\n\n\n<p><strong><em>Paloma<\/em><\/strong>: Se presenta con sus alas extendidas y simboliza la paz; la cual se est\u00e1 gestando desde las aulas y que se proyecta a cada familia del Corregimiento.<\/p>\n\n\n\n<p><strong><em>Libro:<\/em><\/strong> Se presenta abierto y significa ciencia y sabidur\u00eda; en su p\u00e1gina izquierda se observa un s\u00edmbolo que representa el relieve, la hidrograf\u00eda, adem\u00e1s la palma de cera insignia de Colombia que abunda en nuestra regi\u00f3n. En la p\u00e1gina derecha se encuentra el lema de la Instituci\u00f3n, descrito en tres palabras (Convivencia, naturaleza y justicia).<\/p>\n\n\n\n<p><strong><em>Ramas de Carrizo<\/em><\/strong>: Se encuentra en la parte inferior y se extiende hasta las puntas de las alas de la paloma; representan la vegetaci\u00f3n silvestre de la zona, a la cual se debe el nombre del Corregimiento.<\/p>\n\n\n\n<p><strong><em>Color azul<\/em><\/strong>; La inmensidad del amor, compartido en el servicio a cada uno de los seres humanos.<\/p>\n\n\n\n<p>Himno de la Intuici\u00f3n Educativa La Paz.<\/p>\n\n\n\n<p><\/p>\n\n\n\n<h3 class=\"wp-block-heading has-text-align-center\">HIMNO I. E.&nbsp; LA PAZ<\/h3>\n\n\n\n<p class=\"has-text-align-center\"><strong>CONVIVENCIA &#8211; NATURALEZA &#8211; JUSTICIA<\/strong>.<\/p>\n\n\n\n<p class=\"has-text-align-center\">Nuestro colegio es el campo f\u00e9rtil<\/p>\n\n\n\n<p class=\"has-text-align-center\">Donde sembramos siempre la verdad<\/p>\n\n\n\n<p class=\"has-text-align-center\">Para alcanzar el fruto anhelado<\/p>\n\n\n\n<p class=\"has-text-align-center\">Como lo es la integra libertad.<\/p>\n\n\n\n<p class=\"has-text-align-center\">II<\/p>\n\n\n\n<p class=\"has-text-align-center\">Como capullo de flores peque\u00f1itas<\/p>\n\n\n\n<p class=\"has-text-align-center\">Seremos la promesa hecha realidad<\/p>\n\n\n\n<p class=\"has-text-align-center\">Estas son las m\u00e1s nevadas margaritas<\/p>\n\n\n\n<p class=\"has-text-align-center\">Que esparcir\u00e1n su aroma a la humanidad.<\/p>\n\n\n\n<p class=\"has-text-align-center\">CORO<\/p>\n\n\n\n<p class=\"has-text-align-center\">Convivencia y justicia<\/p>\n\n\n\n<p class=\"has-text-align-center\">Ser\u00e1n nuestro lema<\/p>\n\n\n\n<p class=\"has-text-align-center\">Amando a la naturaleza, por siempre viviremos<\/p>\n\n\n\n<p class=\"has-text-align-center\">Seremos ma\u00f1ana<\/p>\n\n\n\n<p class=\"has-text-align-center\">Ciudadanos modelo<\/p>\n\n\n\n<p class=\"has-text-align-center\">Y un himno de paz con el alma cantaremos.<\/p>\n\n\n\n<p class=\"has-text-align-center\">III<\/p>\n\n\n\n<p class=\"has-text-align-center\">Por todos los caminos dejamos huellas<\/p>\n\n\n\n<p class=\"has-text-align-center\">No importa raza, ni credo, ni condici\u00f3n social.<\/p>\n\n\n\n<p class=\"has-text-align-center\">Hacer el bien est\u00e1 m\u00e1s all\u00e1 de las estrellas<\/p>\n\n\n\n<p class=\"has-text-align-center\">Que es a fin de cuentas nuestro ideal<\/p>\n\n\n\n<p class=\"has-text-align-center\">IV<\/p>\n\n\n\n<p class=\"has-text-align-center\">La Instituci\u00f3n es mina de gran riqueza<\/p>\n\n\n\n<p class=\"has-text-align-center\">Da a conocer la vida a cabalidad<\/p>\n\n\n\n<p class=\"has-text-align-center\">Para sobreponernos a la pobreza<\/p>\n\n\n\n<p class=\"has-text-align-center\">Sobre todo de ideas y de unidad.<\/p>\n\n\n\n<p class=\"has-text-align-center\">AUTOR: Marcela Rojas Rojas.<\/p>\n","protected":false},"excerpt":{"rendered":"<div class=\"mh-excerpt\"><p>EMBLEMAS DE LA INSTITUCION EDUCATIVA&nbsp;&nbsp;&nbsp;LA PAZ Descripci\u00f3n de los emblemas de la instituci\u00f3n&#8230; Bandera Instituci\u00f3n Educativa La Paz. La bandera de la Instituci\u00f3n tiene la <a class=\"mh-excerpt-more\" href=\"https:\/\/institucioneducativalapazlosandes.hol.es\/index.php\/simbolos-institucionales\/\" title=\"S\u00cdMBOLOS INSTITUCIONALES\">[&#8230;]<\/a><\/p>\n<\/div>","protected":false},"author":1,"featured_media":0,"parent":0,"menu_order":0,"comment_status":"closed","ping_status":"closed","template":"","meta":{"footnotes":""},"class_list":["post-31","page","type-page","status-publish","hentry"],"_links":{"self":[{"href":"https:\/\/institucioneducativalapazlosandes.hol.es\/index.php\/wp-json\/wp\/v2\/pages\/31"}],"collection":[{"href":"https:\/\/institucioneducativalapazlosandes.hol.es\/index.php\/wp-json\/wp\/v2\/pages"}],"about":[{"href":"https:\/\/institucioneducativalapazlosandes.hol.es\/index.php\/wp-json\/wp\/v2\/types\/page"}],"author":[{"embeddable":true,"href":"https:\/\/institucioneducativalapazlosandes.hol.es\/index.php\/wp-json\/wp\/v2\/users\/1"}],"replies":[{"embeddable":true,"href":"https:\/\/institucioneducativalapazlosandes.hol.es\/index.php\/wp-json\/wp\/v2\/comments?post=31"}],"version-history":[{"count":7,"href":"https:\/\/institucioneducativalapazlosandes.hol.es\/index.php\/wp-json\/wp\/v2\/pages\/31\/revisions"}],"predecessor-version":[{"id":1024,"href":"https:\/\/institucioneducativalapazlosandes.hol.es\/index.php\/wp-json\/wp\/v2\/pages\/31\/revisions\/1024"}],"wp:attachment":[{"href":"https:\/\/institucioneducativalapazlosandes.hol.es\/index.php\/wp-json\/wp\/v2\/media?parent=31"}],"curies":[{"name":"wp","href":"https:\/\/api.w.org\/{rel}","templated":true}]}}