{"id":26,"date":"2020-07-13T22:33:38","date_gmt":"2020-07-13T22:33:38","guid":{"rendered":"http:\/\/institucioneducativalapazlosandes.hol.es\/?page_id=26"},"modified":"2025-03-26T02:53:18","modified_gmt":"2025-03-26T02:53:18","slug":"quienes-somos","status":"publish","type":"page","link":"https:\/\/institucioneducativalapazlosandes.hol.es\/index.php\/quienes-somos\/","title":{"rendered":"Quienes Somos."},"content":{"rendered":"\n<p class=\"has-text-align-center\"><strong>MISION DE LA INSTITUCION EDUCATIVATECNICA AGROAMBIENTAL\u00a0 LA PAZ<\/strong><\/p>\n\n\n\n<p>La Instituci\u00f3n Educativa T\u00e9cnica Agroambiental La Paz,&nbsp; se orienta&nbsp; en el desarrollo de los ejes: agr\u00edcola, pecuario y ambiental establecidos por las normas del orden nacional, la valoraci\u00f3n y amor a la naturaleza, la sana convivencia promoviendo la cooperaci\u00f3n con cada miembro de la comunidad educativa.<\/p>\n\n\n\n<p>La formaci\u00f3n de personas con excelente calidad humana, es nuestra labor, quienes son comprometidas consigo mismo, la sociedad y el medio ambiente; Con la actitud y aptitud para preservar y&nbsp; transformar su dimensi\u00f3n espiritual, social, cultural y natural, volvi\u00e9ndola&nbsp; m\u00e1s agradable y productiva. Para ello utilizar\u00e1&nbsp;&nbsp; herramientas, tecnol\u00f3gicas (tics) y conocimientos que les permitir\u00e1n enfrentar las expectativas de un mundo globalizado.<\/p>\n\n\n\n<p><strong>VISION<\/strong><\/p>\n\n\n\n<p>La instituci\u00f3n formar\u00e1 personas integras capaces de convivir&nbsp; con sus semejantes, producir sus bines para s\u00ed mismo y la sociedad sin perjuicio del medio ambiente que les permita vivir con dignidad.<\/p>\n\n\n\n<p>La Instituci\u00f3n brindar\u00e1 una formaci\u00f3n integral a hombres y mujeres mediante el fortalecimiento de los valores, aspiraciones y metas que les permitan afrontar los cambios del mundo actual y futuro. Dicha formaci\u00f3n se enfatiza en el trabajo agroambiental, mediante pr\u00e1cticas activas como la construcci\u00f3n de la granja integral, pr\u00e1cticas ecol\u00f3gicas, construcci\u00f3n de espacios participativos, y una metodolog\u00eda flexible para poblaci\u00f3n&nbsp; juvenil y, adulta.<\/p>\n\n\n\n<p><strong>FILOSOFIA<\/strong><\/p>\n\n\n\n<p>La Instituci\u00f3n Educativa La Paz \u2013 El Carrizal se orienta por una filosof\u00eda de desarrollo social, partiendo de un enfoque human\u00edstico de la persona responsable, aut\u00f3noma y tolerante. Este desarrollo parte de una visi\u00f3n real de nuestro medio rural para motivar el mejoramiento y actualizaci\u00f3n&nbsp; de t\u00e9cnicas agroambientales,&nbsp; la protecci\u00f3n, conservaci\u00f3n y valoraci\u00f3n&nbsp; de la vida tanto humana y natural mediante la ejecuci\u00f3n de proyectos que apunten a la soluci\u00f3n de problemas, necesidades y expectativas sociales.<\/p>\n\n\n\n<p>Dentro del desarrollo integral humano, se debe trabajar acorde con el nivel cient\u00edfico, tecnol\u00f3gico, pedag\u00f3gico y educativo a que se pueda acceder, considerando una racional armon\u00eda con la naturaleza y su entorno.<\/p>\n\n\n\n<ol class=\"wp-block-list\">\n<li><strong>PRINCIPIOS Y VALORES<\/strong><\/li>\n<\/ol>\n\n\n\n<p><strong>1.8.1.&nbsp; Principios.<\/strong><\/p>\n\n\n\n<ul class=\"wp-block-list\">\n<li>Desarrollo humano integral:\u00a0 los estudiantes son seres dignos de un desarrollo en todos los aspectos que nos fundamentan como seres humanos, sin exclusiones ocasionadas por la edad, el g\u00e9nero, el nivel socio-econ\u00f3mico, la cultura, la etnia.<\/li>\n\n\n\n<li>Desarrollo social sustentable y sostenible: Los procesos de desarrollo social deben surgir de las comunidades, con la participaci\u00f3n activa de los estudiantes. Las comunidades deben hacer uso del ejercicio de su autonom\u00eda, con informaci\u00f3n pertinente, con formaci\u00f3n para la vida ciudadana.<\/li>\n\n\n\n<li>Pertinencia y complejidad: La educaci\u00f3n debe incluir la posibilidad de comprender los fen\u00f3menos sociales como parte de sistemas complejos que generan estructuras disipativas para transformar la realidad, en comunidad.<\/li>\n<\/ul>\n\n\n\n<ul class=\"wp-block-list\">\n<li>Flexibilidad para abordar la incertidumbre: El sistema educativo debe incluir la posibilidad de adaptarse a los cambios, comunes en los procesos educativos.<\/li>\n<\/ul>\n\n\n\n<p>1.8.2. <strong>Valores institucionales<\/strong>.<\/p>\n\n\n\n<ul class=\"wp-block-list\">\n<li>Responsabilidad Social:\u00a0 Conocemos nuestra responsabilidad frente a la comunidad, haci\u00e9ndole part\u00edcipe de nuestros logros y colocando a su servicio las innovaciones tecnol\u00f3gicas que poseemos<\/li>\n<\/ul>\n\n\n\n<ul class=\"wp-block-list\">\n<li>Perseverancia: Comprendemos que la constancia, el compromiso y el mejoramiento continuo nos ayudan a dar respuesta oportuna a nuestros estudiantes y a lograr resultados para nuestra organizaci\u00f3n.<\/li>\n<\/ul>\n\n\n\n<ul class=\"wp-block-list\">\n<li>Honestidad: Actuamos con \u00e9tica y hacemos buen uso de nuestros recursos financieros y f\u00edsicos.<\/li>\n<\/ul>\n\n\n\n<ul class=\"wp-block-list\">\n<li>Trabajo en Equipo: Fomentamos la participaci\u00f3n y el esp\u00edritu de cooperaci\u00f3n para aprovechar la iniciativa y el conocimiento de quienes trabajamos en la Instituci\u00f3n.<\/li>\n<\/ul>\n\n\n\n<ul class=\"wp-block-list\">\n<li>Aprendizaje Permanente: Reconocemos que el conocimiento, la capacitaci\u00f3n y el inter\u00e9s son fundamentales para desarrollar un proyecto de vida.<\/li>\n<\/ul>\n\n\n\n<ul class=\"wp-block-list\">\n<li>Innovaci\u00f3n: Seremos creativos para dar las mejores soluciones a nuestra comunidad educativa.<\/li>\n<\/ul>\n\n\n\n<p>1.8.4. <strong>Inmersi\u00f3n investigativa del PEI.<\/strong><\/p>\n\n\n\n<p>1.8.5. <strong>Caracterizaci\u00f3n del Entorno. &nbsp;<\/strong><\/p>\n\n\n\n<p>Se trata en nuestra propuesta prospectiva, interpretar el presente desde la mirada del futuro deseado planteado en el PEl. El compartir puntos de vista semejantes de los problemas y programas, el intercambiar intereses, el conocer paradigmas nos permite vincular a todos los integrantes de la Comunidad Educativa con el fin de lograr el reconocimiento consciente, la sensibilidad frente a las carencias, las debilidades, amenazas y buscar soluciones con el dise\u00f1o de estrategias.<\/p>\n\n\n\n<p><strong>1.8.6. Identificaci\u00f3n y Descripci\u00f3n de Problemas para el Logro de la Visi\u00f3n.<\/strong><\/p>\n\n\n\n<p>Fortalezas:<\/p>\n\n\n\n<ul class=\"wp-block-list\">\n<li>Profesores Especializados.<\/li>\n\n\n\n<li>Disposici\u00f3n de tiempo de profesores y Administrativos.<\/li>\n\n\n\n<li>Disposici\u00f3n al cambio de la Comunidad Educativa.<\/li>\n\n\n\n<li>Receptibilidad a las innovaciones.<\/li>\n\n\n\n<li>Colaboraci\u00f3n y armon\u00eda escolar.<\/li>\n\n\n\n<li>Liderazgo y capacidad administrativa.<\/li>\n\n\n\n<li>Reconocer y valorar las capacidades y limitaciones.<\/li>\n\n\n\n<li>Adecuada y eficiente planta f\u00edsica.<\/li>\n\n\n\n<li>Existencia laboratorio de F\u00edsica y Qu\u00edmica<\/li>\n\n\n\n<li>Existencia de convenios y compromisos con entidades<\/li>\n\n\n\n<li>Bachillerato acad\u00e9mico por ciclos.<\/li>\n\n\n\n<li>Eficiente administraci\u00f3n de los recursos econ\u00f3micos.<\/li>\n\n\n\n<li>Existencia y aplicaci\u00f3n del manual de convivencia.<\/li>\n\n\n\n<li>Aptitudes art\u00edsticas diversas en la comunidad educativa.<\/li>\n\n\n\n<li>Cobertura en la prestaci\u00f3n de los diferentes servicios.<\/li>\n<\/ul>\n","protected":false},"excerpt":{"rendered":"<div class=\"mh-excerpt\"><p>MISION DE LA INSTITUCION EDUCATIVATECNICA AGROAMBIENTAL\u00a0 LA PAZ La Instituci\u00f3n Educativa T\u00e9cnica Agroambiental La Paz,&nbsp; se orienta&nbsp; en el desarrollo de los ejes: agr\u00edcola, pecuario <a class=\"mh-excerpt-more\" href=\"https:\/\/institucioneducativalapazlosandes.hol.es\/index.php\/quienes-somos\/\" title=\"Quienes Somos.\">[&#8230;]<\/a><\/p>\n<\/div>","protected":false},"author":1,"featured_media":0,"parent":0,"menu_order":0,"comment_status":"closed","ping_status":"closed","template":"","meta":{"footnotes":""},"class_list":["post-26","page","type-page","status-publish","hentry"],"_links":{"self":[{"href":"https:\/\/institucioneducativalapazlosandes.hol.es\/index.php\/wp-json\/wp\/v2\/pages\/26"}],"collection":[{"href":"https:\/\/institucioneducativalapazlosandes.hol.es\/index.php\/wp-json\/wp\/v2\/pages"}],"about":[{"href":"https:\/\/institucioneducativalapazlosandes.hol.es\/index.php\/wp-json\/wp\/v2\/types\/page"}],"author":[{"embeddable":true,"href":"https:\/\/institucioneducativalapazlosandes.hol.es\/index.php\/wp-json\/wp\/v2\/users\/1"}],"replies":[{"embeddable":true,"href":"https:\/\/institucioneducativalapazlosandes.hol.es\/index.php\/wp-json\/wp\/v2\/comments?post=26"}],"version-history":[{"count":3,"href":"https:\/\/institucioneducativalapazlosandes.hol.es\/index.php\/wp-json\/wp\/v2\/pages\/26\/revisions"}],"predecessor-version":[{"id":1026,"href":"https:\/\/institucioneducativalapazlosandes.hol.es\/index.php\/wp-json\/wp\/v2\/pages\/26\/revisions\/1026"}],"wp:attachment":[{"href":"https:\/\/institucioneducativalapazlosandes.hol.es\/index.php\/wp-json\/wp\/v2\/media?parent=26"}],"curies":[{"name":"wp","href":"https:\/\/api.w.org\/{rel}","templated":true}]}}